{"id":1267,"date":"2021-08-09T22:11:11","date_gmt":"2021-08-09T21:11:11","guid":{"rendered":"https:\/\/edamentus.com\/?page_id=1267"},"modified":"2022-02-22T17:14:52","modified_gmt":"2022-02-22T16:14:52","slug":"about-us","status":"publish","type":"page","link":"https:\/\/edamentus.com\/pl\/about-us\/","title":{"rendered":"About Us"},"content":{"rendered":"\t\t<div data-elementor-type=\"wp-page\" data-elementor-id=\"1267\" class=\"elementor elementor-1267\" data-elementor-settings=\"[]\">\n\t\t\t\t\t\t\t<div class=\"elementor-section-wrap\">\n\t\t\t\t\t\t\t<section class=\"elementor-section elementor-top-section elementor-element elementor-element-6d21fe41 elementor-section-boxed elementor-section-height-default elementor-section-height-default\" data-id=\"6d21fe41\" data-element_type=\"section\">\n\t\t\t\t\t\t<div class=\"elementor-container elementor-column-gap-default\">\n\t\t\t\t\t<div class=\"elementor-column elementor-col-100 elementor-top-column elementor-element elementor-element-5ac72ea3\" data-id=\"5ac72ea3\" data-element_type=\"column\">\n\t\t\t<div class=\"elementor-widget-wrap elementor-element-populated\">\n\t\t\t\t\t\t\t\t<div class=\"elementor-element elementor-element-4d93fe43 elementor-widget elementor-widget-text-editor\" data-id=\"4d93fe43\" data-element_type=\"widget\" data-widget_type=\"text-editor.default\">\n\t\t\t\t<div class=\"elementor-widget-container\">\n\t\t\t<style>\/*! elementor - v3.5.5 - 03-02-2022 *\/\n.elementor-widget-text-editor.elementor-drop-cap-view-stacked .elementor-drop-cap{background-color:#818a91;color:#fff}.elementor-widget-text-editor.elementor-drop-cap-view-framed .elementor-drop-cap{color:#818a91;border:3px solid;background-color:transparent}.elementor-widget-text-editor:not(.elementor-drop-cap-view-default) .elementor-drop-cap{margin-top:8px}.elementor-widget-text-editor:not(.elementor-drop-cap-view-default) .elementor-drop-cap-letter{width:1em;height:1em}.elementor-widget-text-editor .elementor-drop-cap{float:left;text-align:center;line-height:1;font-size:50px}.elementor-widget-text-editor .elementor-drop-cap-letter{display:inline-block}<\/style>\t\t\t\t<p>Historia hodowli <strong>EDAMENTUS<\/strong> zacz\u0119\u0142a si\u0119 w grudniu 2016 roku kiedy zarejestrowa\u0142am przydomek hodowlany. Posiada\u0142am wtedy jedn\u0105 suczk\u0119 malinois <strong>CORTIN\u0118 Maligold<\/strong> (po domowemu Lara), kt\u00f3ra zapocz\u0105tkowa\u0142a hodowl\u0119 i t\u0105 wspania\u0142\u0105 przygod\u0119. Pierwszy miot z tym przydomkiem urodzi\u0142 si\u0119 w sierpniu 2017 roku, by\u0142 to miot \u201eA\u201d po sportowym psie <strong>Baybaro od Dorrinky<\/strong>. <br \/><br \/>Nazywam si\u0119 <strong>Edyta Karolina Dudzi\u0144ska<\/strong> i kynologia to moje uzale\u017cnienie, to pow\u00f3d dla kt\u00f3rego warto wsta\u0107 co rano z \u0142\u00f3\u017cka. Zakocha\u0142am si\u0119 w rasie owczarek belgijski i w 2015 roku pierwszy raz przynios\u0142am do swojego domu ma\u0142\u0105 kulk\u0119, kt\u00f3r\u0105 nazwa\u0142am Lara. Od tego te\u017c czasu od strony praktycznej zacz\u0119\u0142am poznawa\u0107 psie sporty: IGP, tropienie sportowe, obedience i \u00a0mondioring. Staram si\u0119 ca\u0142y czas uzupe\u0142nia\u0107 swoj\u0105 wiedz\u0119 i z przyjemno\u015bci\u0105 korzystam z mo\u017cliwo\u015bci uczenia si\u0119 od najlepszych w tych dziedzinach. Coraz bardziej fascynuje mnie tak\u017ce fizjoterapia ps\u00f3w, w kt\u00f3rej zacz\u0119\u0142am si\u0119 edukowa\u0107. Od 2022 roku jestem Asystentem Kynologicznym (gr. 1 oraz IGP).<br \/><br \/>W 2019 roku do mojego stada do\u0142\u0105czy\u0142 kto\u015b jeszcze \u2013 <strong>Bartosz Kaminski<\/strong>.<br \/><br \/>Bartosz w 2017 roku kupi\u0142 ode mnie psa <strong>Ancymona Edamentus<\/strong>, kt\u00f3rego nazwa\u0142 Beleth. Oboje startuj\u0105 obecnie w zawodach mondioringu. W mi\u0119dzyczasie jeden z braci Beletha za po\u015brednictwem Bartosza pojecha\u0142 do nowego domu do jego przyjaciela. Tak powsta\u0142a anegdota, kt\u00f3r\u0105 Bartosz ch\u0119tnie opowiada \u017ce da\u0142am mu ofert\u0119 by kupi\u0142 dwa psy a hodowca b\u0119dzie gratis. Bartosz jest dla mnie du\u017cym wsparciem, gdy\u017c przede mn\u0105 hodowa\u0142 u\u017cytkowe owczarki niemieckie, jest tak\u017ce \u015bwietnym pozorantem i trenerem ps\u00f3w. Specjalizuje si\u0119 w psach s\u0142u\u017cbowych (m. in. psy do wykrywania narkotyk\u00f3w). \u00a0\u00a0\u00a0\u00a0<br \/><br \/><strong>Naszym celem hodowlanym jest hodowla ps\u00f3w nastawionych na sport oraz prac\u0119 u\u017cytkow\u0105.<\/strong> Do tej pory jeste\u015bmy zadowoleni z efektu, gdy\u017c psy z przydomkiem EDAMENTUS trenuj\u0105 i startuj\u0105 w zawodach w mondioringu, IGP, agillity oraz flyball jak r\u00f3wnie\u017c pracuj\u0105 w s\u0142u\u017cbach.<\/p>\t\t\t\t\t\t<\/div>\n\t\t\t\t<\/div>\n\t\t\t\t\t<\/div>\n\t\t<\/div>\n\t\t\t\t\t\t\t<\/div>\n\t\t<\/section>\n\t\t\t\t<section class=\"elementor-section elementor-top-section elementor-element elementor-element-6013758 elementor-section-boxed elementor-section-height-default elementor-section-height-default\" data-id=\"6013758\" data-element_type=\"section\">\n\t\t\t\t\t\t<div class=\"elementor-container elementor-column-gap-default\">\n\t\t\t\t\t<div class=\"elementor-column elementor-col-50 elementor-top-column elementor-element elementor-element-6b5b867\" data-id=\"6b5b867\" data-element_type=\"column\">\n\t\t\t<div class=\"elementor-widget-wrap elementor-element-populated\">\n\t\t\t\t\t\t\t\t<div class=\"elementor-element elementor-element-0c4caf4 elementor-widget elementor-widget-image\" data-id=\"0c4caf4\" data-element_type=\"widget\" data-widget_type=\"image.default\">\n\t\t\t\t<div class=\"elementor-widget-container\">\n\t\t\t<style>\/*! elementor - v3.5.5 - 03-02-2022 *\/\n.elementor-widget-image{text-align:center}.elementor-widget-image a{display:inline-block}.elementor-widget-image a img[src$=\".svg\"]{width:48px}.elementor-widget-image img{vertical-align:middle;display:inline-block}<\/style>\t\t\t\t\t\t\t\t\t\t\t\t<img loading=\"lazy\" decoding=\"async\" width=\"684\" height=\"1024\" src=\"https:\/\/edamentus.com\/pl\/wp-content\/uploads\/2022\/02\/IMG_0865-684x1024.jpg\" class=\"attachment-large size-large\" alt=\"\" srcset=\"https:\/\/edamentus.com\/pl\/wp-content\/uploads\/2022\/02\/IMG_0865-684x1024.jpg 684w, https:\/\/edamentus.com\/pl\/wp-content\/uploads\/2022\/02\/IMG_0865-200x300.jpg 200w, https:\/\/edamentus.com\/pl\/wp-content\/uploads\/2022\/02\/IMG_0865-768x1149.jpg 768w, https:\/\/edamentus.com\/pl\/wp-content\/uploads\/2022\/02\/IMG_0865-1027x1536.jpg 1027w, https:\/\/edamentus.com\/pl\/wp-content\/uploads\/2022\/02\/IMG_0865.jpg 1231w\" sizes=\"auto, (max-width: 684px) 100vw, 684px\" \/>\t\t\t\t\t\t\t\t\t\t\t\t\t\t\t<\/div>\n\t\t\t\t<\/div>\n\t\t\t\t\t<\/div>\n\t\t<\/div>\n\t\t\t\t<div class=\"elementor-column elementor-col-50 elementor-top-column elementor-element elementor-element-60acead\" data-id=\"60acead\" data-element_type=\"column\">\n\t\t\t<div class=\"elementor-widget-wrap elementor-element-populated\">\n\t\t\t\t\t\t\t\t<div class=\"elementor-element elementor-element-e24b5a6 elementor-widget elementor-widget-image\" data-id=\"e24b5a6\" data-element_type=\"widget\" data-widget_type=\"image.default\">\n\t\t\t\t<div class=\"elementor-widget-container\">\n\t\t\t\t\t\t\t\t\t\t\t\t\t\t\t<img loading=\"lazy\" decoding=\"async\" width=\"640\" height=\"960\" src=\"https:\/\/edamentus.com\/pl\/wp-content\/uploads\/2022\/02\/64247128_1107938479393460_1269508735454150656_n.jpg\" class=\"attachment-large size-large\" alt=\"\" srcset=\"https:\/\/edamentus.com\/pl\/wp-content\/uploads\/2022\/02\/64247128_1107938479393460_1269508735454150656_n.jpg 640w, https:\/\/edamentus.com\/pl\/wp-content\/uploads\/2022\/02\/64247128_1107938479393460_1269508735454150656_n-200x300.jpg 200w\" sizes=\"auto, (max-width: 640px) 100vw, 640px\" \/>\t\t\t\t\t\t\t\t\t\t\t\t\t\t\t<\/div>\n\t\t\t\t<\/div>\n\t\t\t\t\t<\/div>\n\t\t<\/div>\n\t\t\t\t\t\t\t<\/div>\n\t\t<\/section>\n\t\t\t\t\t\t<\/div>\n\t\t\t\t\t<\/div>\n\t\t","protected":false},"excerpt":{"rendered":"<p>Historia hodowli EDAMENTUS zacz\u0119\u0142a si\u0119 w grudniu 2016 roku kiedy zarejestrowa\u0142am przydomek hodowlany. Posiada\u0142am wtedy jedn\u0105 suczk\u0119 malinois CORTIN\u0118 Maligold (po domowemu Lara), kt\u00f3ra zapocz\u0105tkowa\u0142a hodowl\u0119 i t\u0105 wspania\u0142\u0105 przygod\u0119. Pierwszy miot z tym przydomkiem urodzi\u0142 si\u0119 w sierpniu 2017 roku, by\u0142 to miot \u201eA\u201d po sportowym psie Baybaro od Dorrinky. Nazywam si\u0119 Edyta Karolina [&hellip;]<\/p>\n","protected":false},"author":1,"featured_media":0,"parent":0,"menu_order":0,"comment_status":"closed","ping_status":"closed","template":"","meta":{"footnotes":""},"class_list":["post-1267","page","type-page","status-publish","hentry","entry"],"_links":{"self":[{"href":"https:\/\/edamentus.com\/pl\/wp-json\/wp\/v2\/pages\/1267","targetHints":{"allow":["GET"]}}],"collection":[{"href":"https:\/\/edamentus.com\/pl\/wp-json\/wp\/v2\/pages"}],"about":[{"href":"https:\/\/edamentus.com\/pl\/wp-json\/wp\/v2\/types\/page"}],"author":[{"embeddable":true,"href":"https:\/\/edamentus.com\/pl\/wp-json\/wp\/v2\/users\/1"}],"replies":[{"embeddable":true,"href":"https:\/\/edamentus.com\/pl\/wp-json\/wp\/v2\/comments?post=1267"}],"version-history":[{"count":9,"href":"https:\/\/edamentus.com\/pl\/wp-json\/wp\/v2\/pages\/1267\/revisions"}],"predecessor-version":[{"id":2075,"href":"https:\/\/edamentus.com\/pl\/wp-json\/wp\/v2\/pages\/1267\/revisions\/2075"}],"wp:attachment":[{"href":"https:\/\/edamentus.com\/pl\/wp-json\/wp\/v2\/media?parent=1267"}],"curies":[{"name":"wp","href":"https:\/\/api.w.org\/{rel}","templated":true}]}}