{"id":380,"date":"2021-07-24T04:45:22","date_gmt":"2021-07-24T03:45:22","guid":{"rendered":"https:\/\/edamentus.com\/?page_id=380"},"modified":"2022-02-22T17:01:35","modified_gmt":"2022-02-22T16:01:35","slug":"our-males","status":"publish","type":"page","link":"https:\/\/edamentus.com\/pl\/our-males\/","title":{"rendered":"Our Males"},"content":{"rendered":"\t\t<div data-elementor-type=\"wp-page\" data-elementor-id=\"380\" class=\"elementor elementor-380\" data-elementor-settings=\"[]\">\n\t\t\t\t\t\t\t<div class=\"elementor-section-wrap\">\n\t\t\t\t\t\t\t<section class=\"elementor-section elementor-top-section elementor-element elementor-element-36745f7f elementor-section-full_width dog-beleth elementor-section-height-default elementor-section-height-default\" data-id=\"36745f7f\" data-element_type=\"section\" data-settings=\"{&quot;background_background&quot;:&quot;classic&quot;}\">\n\t\t\t\t\t\t<div class=\"elementor-container elementor-column-gap-no\">\n\t\t\t\t\t<div class=\"elementor-column elementor-col-50 elementor-top-column elementor-element elementor-element-2b7e9918\" data-id=\"2b7e9918\" data-element_type=\"column\">\n\t\t\t<div class=\"elementor-widget-wrap elementor-element-populated\">\n\t\t\t\t\t\t\t\t<div class=\"elementor-element elementor-element-400c8687 elementor-widget elementor-widget-image\" data-id=\"400c8687\" data-element_type=\"widget\" data-widget_type=\"image.default\">\n\t\t\t\t<div class=\"elementor-widget-container\">\n\t\t\t<style>\/*! elementor - v3.5.5 - 03-02-2022 *\/\n.elementor-widget-image{text-align:center}.elementor-widget-image a{display:inline-block}.elementor-widget-image a img[src$=\".svg\"]{width:48px}.elementor-widget-image img{vertical-align:middle;display:inline-block}<\/style>\t\t\t\t\t\t\t\t\t\t\t\t\t<a href=\"https:\/\/edamentus.com\/wp-content\/uploads\/2021\/07\/belgian-malinois-sheherd-Beleth.jpg\" data-elementor-open-lightbox=\"yes\" data-elementor-lightbox-title=\"belgian malinois sheherd Beleth\">\n\t\t\t\t\t\t\t<img loading=\"lazy\" decoding=\"async\" width=\"1040\" height=\"700\" src=\"https:\/\/edamentus.com\/pl\/wp-content\/uploads\/2021\/07\/belgian-malinois-sheherd-Beleth.jpg\" class=\"attachment-full size-full\" alt=\"belgian malinois sheherd Beleth\" srcset=\"https:\/\/edamentus.com\/pl\/wp-content\/uploads\/2021\/07\/belgian-malinois-sheherd-Beleth.jpg 1040w, https:\/\/edamentus.com\/pl\/wp-content\/uploads\/2021\/07\/belgian-malinois-sheherd-Beleth-300x202.jpg 300w, https:\/\/edamentus.com\/pl\/wp-content\/uploads\/2021\/07\/belgian-malinois-sheherd-Beleth-1024x689.jpg 1024w, https:\/\/edamentus.com\/pl\/wp-content\/uploads\/2021\/07\/belgian-malinois-sheherd-Beleth-768x517.jpg 768w, https:\/\/edamentus.com\/pl\/wp-content\/uploads\/2021\/07\/belgian-malinois-sheherd-Beleth-433x291.jpg 433w\" sizes=\"auto, (max-width: 1040px) 100vw, 1040px\" \/>\t\t\t\t\t\t\t\t<\/a>\n\t\t\t\t\t\t\t\t\t\t\t\t\t\t\t<\/div>\n\t\t\t\t<\/div>\n\t\t\t\t\t<\/div>\n\t\t<\/div>\n\t\t\t\t<div class=\"elementor-column elementor-col-50 elementor-top-column elementor-element elementor-element-19ea6c70\" data-id=\"19ea6c70\" data-element_type=\"column\">\n\t\t\t<div class=\"elementor-widget-wrap elementor-element-populated\">\n\t\t\t\t\t\t\t\t<div class=\"elementor-element elementor-element-76b61264 elementor-widget elementor-widget-text-editor\" data-id=\"76b61264\" data-element_type=\"widget\" data-widget_type=\"text-editor.default\">\n\t\t\t\t<div class=\"elementor-widget-container\">\n\t\t\t<style>\/*! elementor - v3.5.5 - 03-02-2022 *\/\n.elementor-widget-text-editor.elementor-drop-cap-view-stacked .elementor-drop-cap{background-color:#818a91;color:#fff}.elementor-widget-text-editor.elementor-drop-cap-view-framed .elementor-drop-cap{color:#818a91;border:3px solid;background-color:transparent}.elementor-widget-text-editor:not(.elementor-drop-cap-view-default) .elementor-drop-cap{margin-top:8px}.elementor-widget-text-editor:not(.elementor-drop-cap-view-default) .elementor-drop-cap-letter{width:1em;height:1em}.elementor-widget-text-editor .elementor-drop-cap{float:left;text-align:center;line-height:1;font-size:50px}.elementor-widget-text-editor .elementor-drop-cap-letter{display:inline-block}<\/style>\t\t\t\tANCYMON EDAMENTUS FCI (Beleth)\t\t\t\t\t\t<\/div>\n\t\t\t\t<\/div>\n\t\t\t\t<div class=\"elementor-element elementor-element-4b8967d elementor-widget elementor-widget-text-editor\" data-id=\"4b8967d\" data-element_type=\"widget\" data-widget_type=\"text-editor.default\">\n\t\t\t\t<div class=\"elementor-widget-container\">\n\t\t\t\t\t\t\t(CORTINA Maligold X Baybaro od Dorrinky)\t\t\t\t\t\t<\/div>\n\t\t\t\t<\/div>\n\t\t\t\t<div class=\"elementor-element elementor-element-f540341 elementor-widget elementor-widget-text-editor\" data-id=\"f540341\" data-element_type=\"widget\" data-widget_type=\"text-editor.default\">\n\t\t\t\t<div class=\"elementor-widget-container\">\n\t\t\t\t\t\t\t<p><strong>Data urodzenia:<\/strong> 18.08.2017<br \/><strong>Tytu\u0142y wyszkolenia:<\/strong> Mondioring 1, AD, BH<br \/><strong>Wyniki bada\u0144:<\/strong> HD-A\/A, ED-0\/0, SDCA-1-N\/N,\u00a0 SDCA-2-N\/N, DM-N\/N, Dilute-D\/D, DNA available<\/p><p><strong>Ojciec miot\u00f3w w naszej hodowli:<\/strong><\/p><ul><li>Miot \u201cD\u201d<\/li><li>Miot \u201cE\u201d<\/li><\/ul><p><strong>Ojciec miot\u00f3w w innych hodowlach:<\/strong><\/p><ul><li>Miot \u201cM\u201d AIAXSHINKA (UK)<\/li><\/ul>\t\t\t\t\t\t<\/div>\n\t\t\t\t<\/div>\n\t\t\t\t\t<\/div>\n\t\t<\/div>\n\t\t\t\t\t\t\t<\/div>\n\t\t<\/section>\n\t\t\t\t<section class=\"elementor-section elementor-top-section elementor-element elementor-element-3a08e50 elementor-section-full_width elementor-section-height-default elementor-section-height-default\" data-id=\"3a08e50\" data-element_type=\"section\" data-settings=\"{&quot;background_background&quot;:&quot;classic&quot;}\">\n\t\t\t\t\t\t<div class=\"elementor-container elementor-column-gap-no\">\n\t\t\t\t\t<div class=\"elementor-column elementor-col-100 elementor-top-column elementor-element elementor-element-9cb16e8\" data-id=\"9cb16e8\" data-element_type=\"column\">\n\t\t\t<div class=\"elementor-widget-wrap elementor-element-populated\">\n\t\t\t\t\t\t\t\t<div class=\"elementor-element elementor-element-8c20237 elementor-widget elementor-widget-heading\" data-id=\"8c20237\" data-element_type=\"widget\" data-widget_type=\"heading.default\">\n\t\t\t\t<div class=\"elementor-widget-container\">\n\t\t\t<style>\/*! elementor - v3.5.5 - 03-02-2022 *\/\n.elementor-heading-title{padding:0;margin:0;line-height:1}.elementor-widget-heading .elementor-heading-title[class*=elementor-size-]>a{color:inherit;font-size:inherit;line-height:inherit}.elementor-widget-heading .elementor-heading-title.elementor-size-small{font-size:15px}.elementor-widget-heading .elementor-heading-title.elementor-size-medium{font-size:19px}.elementor-widget-heading .elementor-heading-title.elementor-size-large{font-size:29px}.elementor-widget-heading .elementor-heading-title.elementor-size-xl{font-size:39px}.elementor-widget-heading .elementor-heading-title.elementor-size-xxl{font-size:59px}<\/style><div class=\"elementor-heading-title elementor-size-default\">pedigree chart<\/div>\t\t<\/div>\n\t\t\t\t<\/div>\n\t\t\t\t<div class=\"elementor-element elementor-element-b72a560 elementor-view-default elementor-widget elementor-widget-icon\" data-id=\"b72a560\" data-element_type=\"widget\" data-widget_type=\"icon.default\">\n\t\t\t\t<div class=\"elementor-widget-container\">\n\t\t\t\t\t<div class=\"elementor-icon-wrapper\">\n\t\t\t<div class=\"elementor-icon\">\n\t\t\t<i aria-hidden=\"true\" class=\"fas fa-caret-down\"><\/i>\t\t\t<\/div>\n\t\t<\/div>\n\t\t\t\t<\/div>\n\t\t\t\t<\/div>\n\t\t\t\t<div class=\"elementor-element elementor-element-ee0a433 elementor-widget elementor-widget-image\" data-id=\"ee0a433\" data-element_type=\"widget\" data-widget_type=\"image.default\">\n\t\t\t\t<div class=\"elementor-widget-container\">\n\t\t\t\t\t\t\t\t\t\t\t\t\t\t\t\t<a href=\"https:\/\/edamentus.com\/wp-content\/uploads\/2022\/01\/Beleth-rodowod.jpg\" data-elementor-open-lightbox=\"yes\" data-elementor-lightbox-title=\"Beleth rodow\u00f3d\">\n\t\t\t\t\t\t\t<img loading=\"lazy\" decoding=\"async\" width=\"768\" height=\"565\" src=\"https:\/\/edamentus.com\/pl\/wp-content\/uploads\/2022\/01\/Beleth-rodowod-768x565.jpg\" class=\"attachment-medium_large size-medium_large\" alt=\"\" srcset=\"https:\/\/edamentus.com\/pl\/wp-content\/uploads\/2022\/01\/Beleth-rodowod-768x565.jpg 768w, https:\/\/edamentus.com\/pl\/wp-content\/uploads\/2022\/01\/Beleth-rodowod-300x221.jpg 300w, https:\/\/edamentus.com\/pl\/wp-content\/uploads\/2022\/01\/Beleth-rodowod-1024x754.jpg 1024w, https:\/\/edamentus.com\/pl\/wp-content\/uploads\/2022\/01\/Beleth-rodowod.jpg 1276w\" sizes=\"auto, (max-width: 768px) 100vw, 768px\" \/>\t\t\t\t\t\t\t\t<\/a>\n\t\t\t\t\t\t\t\t\t\t\t\t\t\t\t<\/div>\n\t\t\t\t<\/div>\n\t\t\t\t\t<\/div>\n\t\t<\/div>\n\t\t\t\t\t\t\t<\/div>\n\t\t<\/section>\n\t\t\t\t<section class=\"elementor-section elementor-top-section elementor-element elementor-element-579f2772 elementor-section-boxed elementor-section-height-default elementor-section-height-default\" data-id=\"579f2772\" data-element_type=\"section\">\n\t\t\t\t\t\t<div class=\"elementor-container elementor-column-gap-default\">\n\t\t\t\t\t<div class=\"elementor-column elementor-col-100 elementor-top-column elementor-element elementor-element-ecbfabe\" data-id=\"ecbfabe\" data-element_type=\"column\">\n\t\t\t<div class=\"elementor-widget-wrap elementor-element-populated\">\n\t\t\t\t\t\t\t\t<div class=\"elementor-element elementor-element-34bb1240 elementor-widget elementor-widget-image\" data-id=\"34bb1240\" data-element_type=\"widget\" data-widget_type=\"image.default\">\n\t\t\t\t<div class=\"elementor-widget-container\">\n\t\t\t\t\t\t\t\t\t\t\t\t\t\t\t<img loading=\"lazy\" decoding=\"async\" width=\"150\" height=\"150\" src=\"https:\/\/edamentus.com\/pl\/wp-content\/uploads\/2021\/08\/Edamentus-Website-Icon-150x150.png\" class=\"attachment-thumbnail size-thumbnail\" alt=\"Edamentus Website Icon\" srcset=\"https:\/\/edamentus.com\/pl\/wp-content\/uploads\/2021\/08\/Edamentus-Website-Icon-150x150.png 150w, https:\/\/edamentus.com\/pl\/wp-content\/uploads\/2021\/08\/Edamentus-Website-Icon-300x300.png 300w, https:\/\/edamentus.com\/pl\/wp-content\/uploads\/2021\/08\/Edamentus-Website-Icon-433x433.png 433w, https:\/\/edamentus.com\/pl\/wp-content\/uploads\/2021\/08\/Edamentus-Website-Icon-100x100.png 100w, https:\/\/edamentus.com\/pl\/wp-content\/uploads\/2021\/08\/Edamentus-Website-Icon.png 512w\" sizes=\"auto, (max-width: 150px) 100vw, 150px\" \/>\t\t\t\t\t\t\t\t\t\t\t\t\t\t\t<\/div>\n\t\t\t\t<\/div>\n\t\t\t\t\t<\/div>\n\t\t<\/div>\n\t\t\t\t\t\t\t<\/div>\n\t\t<\/section>\n\t\t\t\t<section class=\"elementor-section elementor-top-section elementor-element elementor-element-5a33d20a elementor-section-full_width form-dark-background elementor-section-height-default elementor-section-height-default\" data-id=\"5a33d20a\" data-element_type=\"section\" data-settings=\"{&quot;background_background&quot;:&quot;classic&quot;}\">\n\t\t\t\t\t\t\t<div class=\"elementor-background-overlay\"><\/div>\n\t\t\t\t\t\t\t<div class=\"elementor-container elementor-column-gap-default\">\n\t\t\t\t\t<div class=\"elementor-column elementor-col-50 elementor-top-column elementor-element elementor-element-41bf7\" data-id=\"41bf7\" data-element_type=\"column\">\n\t\t\t<div class=\"elementor-widget-wrap elementor-element-populated\">\n\t\t\t\t\t\t\t\t<div class=\"elementor-element elementor-element-214b731 elementor-view-default elementor-widget elementor-widget-icon\" data-id=\"214b731\" data-element_type=\"widget\" data-widget_type=\"icon.default\">\n\t\t\t\t<div class=\"elementor-widget-container\">\n\t\t\t\t\t<div class=\"elementor-icon-wrapper\">\n\t\t\t<div class=\"elementor-icon\">\n\t\t\t<i aria-hidden=\"true\" class=\"far fa-question-circle\"><\/i>\t\t\t<\/div>\n\t\t<\/div>\n\t\t\t\t<\/div>\n\t\t\t\t<\/div>\n\t\t\t\t<div class=\"elementor-element elementor-element-33e98653 elementor-widget elementor-widget-text-editor\" data-id=\"33e98653\" data-element_type=\"widget\" data-widget_type=\"text-editor.default\">\n\t\t\t\t<div class=\"elementor-widget-container\">\n\t\t\t\t\t\t\t<p>pytania?<\/p>\t\t\t\t\t\t<\/div>\n\t\t\t\t<\/div>\n\t\t\t\t<div class=\"elementor-element elementor-element-4400164b elementor-widget elementor-widget-text-editor\" data-id=\"4400164b\" data-element_type=\"widget\" data-widget_type=\"text-editor.default\">\n\t\t\t\t<div class=\"elementor-widget-container\">\n\t\t\t\t\t\t\t<p><span style=\"font-family: 'Open Sans', sans-serif; font-size: 22.4px; font-style: normal; font-variant-ligatures: normal; font-variant-caps: normal; font-weight: 400;\">Czekamy na twoj\u0105 wiadomo\u015b\u0107.<\/span><\/p>\t\t\t\t\t\t<\/div>\n\t\t\t\t<\/div>\n\t\t\t\t\t<\/div>\n\t\t<\/div>\n\t\t\t\t<div class=\"elementor-column elementor-col-50 elementor-top-column elementor-element elementor-element-285fd56f\" data-id=\"285fd56f\" data-element_type=\"column\">\n\t\t\t<div class=\"elementor-widget-wrap elementor-element-populated\">\n\t\t\t\t\t\t\t\t<div class=\"elementor-element elementor-element-52516ff8 elementor-widget elementor-widget-shortcode\" data-id=\"52516ff8\" data-element_type=\"widget\" data-widget_type=\"shortcode.default\">\n\t\t\t\t<div class=\"elementor-widget-container\">\n\t\t\t\t\t<div class=\"elementor-shortcode\"><div role=\"form\" class=\"wpcf7\" id=\"wpcf7-f479-o1\" lang=\"en-GB\" dir=\"ltr\">\n<div class=\"screen-reader-response\"><p role=\"status\" aria-live=\"polite\" aria-atomic=\"true\"><\/p> <ul><\/ul><\/div>\n<form action=\"\/pl\/wp-json\/wp\/v2\/pages\/380#wpcf7-f479-o1\" method=\"post\" class=\"wpcf7-form init\" novalidate=\"novalidate\" data-status=\"init\">\n<div style=\"display: none;\">\n<input type=\"hidden\" name=\"_wpcf7\" value=\"479\" \/>\n<input type=\"hidden\" name=\"_wpcf7_version\" value=\"5.5.4\" \/>\n<input type=\"hidden\" name=\"_wpcf7_locale\" value=\"en_GB\" \/>\n<input type=\"hidden\" name=\"_wpcf7_unit_tag\" value=\"wpcf7-f479-o1\" \/>\n<input type=\"hidden\" name=\"_wpcf7_container_post\" value=\"0\" \/>\n<input type=\"hidden\" name=\"_wpcf7_posted_data_hash\" value=\"\" \/>\n<input type=\"hidden\" name=\"_wpcf7_recaptcha_response\" value=\"\" \/>\n<\/div>\n<p><label> Your name<br \/>\n    <span class=\"wpcf7-form-control-wrap your-name\"><input type=\"text\" name=\"your-name\" value=\"\" size=\"40\" class=\"wpcf7-form-control wpcf7-text wpcf7-validates-as-required\" aria-required=\"true\" aria-invalid=\"false\" \/><\/span> <\/label><br \/>\n<label> Your email<br \/>\n    <span class=\"wpcf7-form-control-wrap your-email\"><input type=\"email\" name=\"your-email\" value=\"\" size=\"40\" class=\"wpcf7-form-control wpcf7-text wpcf7-email wpcf7-validates-as-required wpcf7-validates-as-email\" aria-required=\"true\" aria-invalid=\"false\" \/><\/span> <\/label><br \/>\n<label> Your message\/question<br \/>\n    <span class=\"wpcf7-form-control-wrap your-message\"><textarea name=\"your-message\" cols=\"40\" rows=\"3\" class=\"wpcf7-form-control wpcf7-textarea wpcf7-validates-as-required\" aria-required=\"true\" aria-invalid=\"false\"><\/textarea><\/span> <\/label><\/p>\n<p><input type=\"submit\" value=\"SEND\" class=\"wpcf7-form-control has-spinner wpcf7-submit\" \/><\/p>\n<div class=\"wpcf7-response-output\" aria-hidden=\"true\"><\/div><\/form><\/div><\/div>\n\t\t\t\t<\/div>\n\t\t\t\t<\/div>\n\t\t\t\t\t<\/div>\n\t\t<\/div>\n\t\t\t\t\t\t\t<\/div>\n\t\t<\/section>\n\t\t\t\t\t\t<\/div>\n\t\t\t\t\t<\/div>\n\t\t","protected":false},"excerpt":{"rendered":"<p>ANCYMON EDAMENTUS FCI (Beleth)(CORTINA Maligold X Baybaro od Dorrinky) Data urodzenia: 18.08.2017Tytu\u0142y wyszkolenia: Mondioring 1, AD, BHWyniki bada\u0144: HD-A\/A, ED-0\/0, SDCA-1-N\/N,\u00a0 SDCA-2-N\/N, DM-N\/N, Dilute-D\/D, DNA available Ojciec miot\u00f3w w naszej hodowli: Miot \u201cD\u201d Miot \u201cE\u201d Ojciec miot\u00f3w w innych hodowlach: Miot \u201cM\u201d AIAXSHINKA (UK) pedigree chart pytania? Czekamy na twoj\u0105 wiadomo\u015b\u0107.<\/p>\n","protected":false},"author":1,"featured_media":0,"parent":0,"menu_order":0,"comment_status":"closed","ping_status":"closed","template":"","meta":{"footnotes":""},"class_list":["post-380","page","type-page","status-publish","hentry","entry"],"_links":{"self":[{"href":"https:\/\/edamentus.com\/pl\/wp-json\/wp\/v2\/pages\/380","targetHints":{"allow":["GET"]}}],"collection":[{"href":"https:\/\/edamentus.com\/pl\/wp-json\/wp\/v2\/pages"}],"about":[{"href":"https:\/\/edamentus.com\/pl\/wp-json\/wp\/v2\/types\/page"}],"author":[{"embeddable":true,"href":"https:\/\/edamentus.com\/pl\/wp-json\/wp\/v2\/users\/1"}],"replies":[{"embeddable":true,"href":"https:\/\/edamentus.com\/pl\/wp-json\/wp\/v2\/comments?post=380"}],"version-history":[{"count":12,"href":"https:\/\/edamentus.com\/pl\/wp-json\/wp\/v2\/pages\/380\/revisions"}],"predecessor-version":[{"id":2064,"href":"https:\/\/edamentus.com\/pl\/wp-json\/wp\/v2\/pages\/380\/revisions\/2064"}],"wp:attachment":[{"href":"https:\/\/edamentus.com\/pl\/wp-json\/wp\/v2\/media?parent=380"}],"curies":[{"name":"wp","href":"https:\/\/api.w.org\/{rel}","templated":true}]}}